{"id":32437,"date":"2026-04-14T16:04:56","date_gmt":"2026-04-14T16:04:56","guid":{"rendered":"https:\/\/brick-barbecue.com\/?post_type=product&#038;p=32437"},"modified":"2026-04-15T08:53:23","modified_gmt":"2026-04-15T08:53:23","slug":"sintra-045btec","status":"publish","type":"product","link":"https:\/\/brick-barbecue.com\/es\/producto\/sintra-045btec\/","title":{"rendered":"Sintra 045BTEC"},"content":{"rendered":"","protected":false},"excerpt":{"rendered":"<table style=\"width: 394px; height: 100%;\">\n<caption>\n<h4 style=\"text-align: left;\">Dimensiones y Peso del Producto<\/h4>\n<\/caption>\n<tbody>\n<tr style=\"height: 30.8px;\">\n<td style=\"width: 45.5px; height: 30.8px;\"><img decoding=\"async\" class=\"\" src=\"https:\/\/collippo.com.pt\/wp-content\/uploads\/2021\/03\/medida.jpg\" alt=\"size.png\" width=\"46\" height=\"37\" \/><\/td>\n<td style=\"text-align: left; width: 346.5px; height: 30.8px;\"><span style=\"color: #000000;\">68L x 47P x 118A<\/span><\/td>\n<\/tr>\n<tr style=\"height: 30px;\">\n<td style=\"width: 45.5px; height: 30px;\"><img decoding=\"async\" class=\"\" src=\"https:\/\/collippo.com.pt\/wp-content\/uploads\/2021\/03\/peso.jpg\" alt=\"\" width=\"36\" height=\"29\" \/><\/td>\n<td style=\"width: 346.5px; height: 30px;\"><span style=\"color: #000000;\">210 Kg<\/span><\/td>\n<\/tr>\n<\/tbody>\n<\/table>\n<h4>Acabado<\/h4>\n<p>P\u00e9s e lateral em micro bet\u00e3o cinzento texturado; prateleira em micro bet\u00e3o cinzento liso; zona de fogo em tijolo e cimento refract\u00e1rio.<\/p>\n<p>&nbsp;<\/p>\n<h4>Accesorios Complementarios<\/h4>\n<table style=\"height: 100%; width: 586px; display: block; overflow-x: auto;\">\n<tbody>\n<tr style=\"height: 100%;\">\n<td style=\"width: 115px; height: 0.200012px;\"><a href=\"https:\/\/collippo.com.pt\/produto\/cola-mastique\/\" target=\"_blank\" rel=\"noopener\"><img decoding=\"async\" class=\"aligncenter\" src=\"https:\/\/collippo.com.pt\/wp-content\/uploads\/2023\/07\/MASTIQUE-2022-NOVO.jpg\" alt=\"\" width=\"23\" height=\"85\" \/><\/a><\/td>\n<td style=\"width: 115px; height: 0.200012px;\"><a href=\"https:\/\/collippo.com.pt\/produto\/tinta-para-churrasqueiras\/\" target=\"_blank\" rel=\"noopener\"><img loading=\"lazy\" decoding=\"async\" class=\"aligncenter\" src=\"https:\/\/collippo.com.pt\/wp-content\/uploads\/2021\/05\/balde-tinta1L.jpg\" alt=\"\" width=\"130\" height=\"130\" \/><\/a><\/td>\n<\/tr>\n<tr style=\"height: 50px;\">\n<td style=\"width: 200px; height: 50px; text-align: center; line-height: 18px;\"><span style=\"color: #000000;\">Mastique &#8211; TM01<\/span><br \/>\n<span style=\"color: #000000;\">300ml<\/span><\/td>\n<td style=\"width: 200px; height: 50px; text-align: center; line-height: 18px;\"><span style=\"color: #000000;\">Tinta Pintura<\/span><br \/>\n<span style=\"color: #000000;\">1L<\/span><\/td>\n<\/tr>\n<\/tbody>\n<\/table>\n<p>&nbsp;<\/p>","protected":false},"featured_media":32442,"template":"","meta":{"neve_meta_sidebar":"","neve_meta_container":"","neve_meta_enable_content_width":"off","neve_meta_content_width":0,"neve_meta_title_alignment":"","neve_meta_author_avatar":"","neve_post_elements_order":"","neve_meta_disable_header":"","neve_meta_disable_footer":"","neve_meta_disable_title":"","wds_primary_product_brand":0,"wds_primary_product_cat":0},"product_brand":[],"product_cat":[155,229,249],"product_tag":[],"class_list":{"0":"post-32437","1":"product","2":"type-product","3":"status-publish","4":"has-post-thumbnail","6":"product_cat-tradicionais","7":"product_cat-sintra","8":"product_cat-sintra-teste","9":"product_shipping_class-dachser-classe-s-m","10":"tm-no-options","12":"first","13":"instock","14":"shipping-taxable","15":"purchasable","16":"product-type-variable","17":"has-default-attributes"},"wpr_featured_image":["https:\/\/brick-barbecue.com\/wp-content\/uploads\/2026\/04\/SINTRA-045BEC.M.G50P--150x150.jpg",150,150,true],"_links":{"self":[{"href":"https:\/\/brick-barbecue.com\/es\/wp-json\/wp\/v2\/product\/32437","targetHints":{"allow":["GET"]}}],"collection":[{"href":"https:\/\/brick-barbecue.com\/es\/wp-json\/wp\/v2\/product"}],"about":[{"href":"https:\/\/brick-barbecue.com\/es\/wp-json\/wp\/v2\/types\/product"}],"wp:featuredmedia":[{"embeddable":true,"href":"https:\/\/brick-barbecue.com\/es\/wp-json\/wp\/v2\/media\/32442"}],"wp:attachment":[{"href":"https:\/\/brick-barbecue.com\/es\/wp-json\/wp\/v2\/media?parent=32437"}],"wp:term":[{"taxonomy":"product_brand","embeddable":true,"href":"https:\/\/brick-barbecue.com\/es\/wp-json\/wp\/v2\/product_brand?post=32437"},{"taxonomy":"product_cat","embeddable":true,"href":"https:\/\/brick-barbecue.com\/es\/wp-json\/wp\/v2\/product_cat?post=32437"},{"taxonomy":"product_tag","embeddable":true,"href":"https:\/\/brick-barbecue.com\/es\/wp-json\/wp\/v2\/product_tag?post=32437"}],"curies":[{"name":"wp","href":"https:\/\/api.w.org\/{rel}","templated":true}]}}